{"id":63,"date":"2016-12-15T20:06:32","date_gmt":"2016-12-15T19:06:32","guid":{"rendered":"http:\/\/anwaltskanzlei-krummel.de\/cms\/?page_id=63"},"modified":"2018-11-27T14:22:45","modified_gmt":"2018-11-27T13:22:45","slug":"taetigkeitsschwerpunkte","status":"publish","type":"page","link":"https:\/\/anwaltskanzlei-krummel.de\/cms\/taetigkeitsschwerpunkte\/","title":{"rendered":"T\u00e4tigkeitsschwerpunkte"},"content":{"rendered":"<p><strong><a href=\"https:\/\/anwaltskanzlei-krummel.de\/cms\/wp-content\/uploads\/2016\/12\/pexels-photo-2.jpg\"><img decoding=\"async\" loading=\"lazy\" class=\"alignnone wp-image-98\" src=\"https:\/\/anwaltskanzlei-krummel.de\/cms\/wp-content\/uploads\/2016\/12\/pexels-photo-2-300x135.jpg\" alt=\"\" width=\"636\" height=\"286\" srcset=\"https:\/\/anwaltskanzlei-krummel.de\/cms\/wp-content\/uploads\/2016\/12\/pexels-photo-2-300x135.jpg 300w, https:\/\/anwaltskanzlei-krummel.de\/cms\/wp-content\/uploads\/2016\/12\/pexels-photo-2-768x347.jpg 768w, https:\/\/anwaltskanzlei-krummel.de\/cms\/wp-content\/uploads\/2016\/12\/pexels-photo-2.jpg 800w\" sizes=\"(max-width: 636px) 100vw, 636px\" \/><\/a><\/strong><\/p>\n<p>Meine Kanzlei vertritt Mandanten, zu denen neben Privatpersonen auch mittelst\u00e4ndische Unternehmen, Gewerbetreibende, Freiberufler und \u00f6ffentliche K\u00f6rperschaften geh\u00f6ren, sowohl au\u00dfergerichtlich als auch gerichtlich in wesentlichen Fragen des Zivilrechts. Hierzu geh\u00f6rt z. B. Werkvertragsrecht, Miet- und Pachtrecht, WEG-Recht, Familienrecht, Erbrecht, Reiserecht sowie Arbeits- und Sozialrecht.<\/p>\n<p>Dar\u00fcber hinaus erfolgen Beratungen und Vertretungen auf den Gebieten des Strafrechts einschlie\u00dflich Verkehrszivil- und Ordnungswidrigkeitenrecht sowie des Verwaltungsrechts.<\/p>\n<p>Besonderen Wert wird auf prophylaktische Beratung gelegt, um Auseinandersetzungen ohne teure Gerichtsverfahren beizulegen.<\/p>\n<p>Neben den genannten T\u00e4tigkeits- und Interessenschwerpunkten verf\u00fcgen ich und mein Mitarbeiterstab \u00fcber Erfahrungen\u00a0u.a. bei der Gestaltung von Vertr\u00e4gen im Wirtschafts-, Handels- und Gesellschaftsrecht sowie im Grundst\u00fccks- und Baurecht.<\/p>\n<p>Auch die Wahrnehmung von Treuhandauftr\u00e4gen und die Arbeit als Zwangsverwalter geh\u00f6rt zu meinen Arbeitsgebieten.<\/p>\n<ul>\n<li><a href=\"https:\/\/anwaltskanzlei-krummel.de\/cms\/ra-joerg-krummel\/\">Rechtsanwalt J\u00f6rg Krummel<\/a><\/li>\n<li><a href=\"https:\/\/anwaltskanzlei-krummel.de\/cms\/ra-caren-krummel-ang\/\">Rechtsanw\u00e4ltin Caren Krummel &#8211; angestellt<\/a><\/li>\n<\/ul>","protected":false},"excerpt":{"rendered":"<p>Meine Kanzlei vertritt Mandanten, zu denen neben Privatpersonen auch mittelst\u00e4ndische Unternehmen, Gewerbetreibende, Freiberufler und \u00f6ffentliche K\u00f6rperschaften geh\u00f6ren, sowohl au\u00dfergerichtlich als auch gerichtlich in wesentlichen Fragen des Zivilrechts. Hierzu geh\u00f6rt z. B. Werkvertragsrecht, Miet- und Pachtrecht, WEG-Recht, Familienrecht, Erbrecht, Reiserecht sowie Arbeits- und Sozialrecht. Dar\u00fcber hinaus erfolgen Beratungen und Vertretungen auf den Gebieten des Strafrechts einschlie\u00dflich [&hellip;]<\/p>\n","protected":false},"author":1,"featured_media":0,"parent":0,"menu_order":0,"comment_status":"closed","ping_status":"closed","template":"","meta":[],"_links":{"self":[{"href":"https:\/\/anwaltskanzlei-krummel.de\/cms\/wp-json\/wp\/v2\/pages\/63"}],"collection":[{"href":"https:\/\/anwaltskanzlei-krummel.de\/cms\/wp-json\/wp\/v2\/pages"}],"about":[{"href":"https:\/\/anwaltskanzlei-krummel.de\/cms\/wp-json\/wp\/v2\/types\/page"}],"author":[{"embeddable":true,"href":"https:\/\/anwaltskanzlei-krummel.de\/cms\/wp-json\/wp\/v2\/users\/1"}],"replies":[{"embeddable":true,"href":"https:\/\/anwaltskanzlei-krummel.de\/cms\/wp-json\/wp\/v2\/comments?post=63"}],"version-history":[{"count":10,"href":"https:\/\/anwaltskanzlei-krummel.de\/cms\/wp-json\/wp\/v2\/pages\/63\/revisions"}],"predecessor-version":[{"id":552,"href":"https:\/\/anwaltskanzlei-krummel.de\/cms\/wp-json\/wp\/v2\/pages\/63\/revisions\/552"}],"wp:attachment":[{"href":"https:\/\/anwaltskanzlei-krummel.de\/cms\/wp-json\/wp\/v2\/media?parent=63"}],"curies":[{"name":"wp","href":"https:\/\/api.w.org\/{rel}","templated":true}]}}