{"id":47,"date":"2016-12-09T05:42:02","date_gmt":"2016-12-09T04:42:02","guid":{"rendered":"http:\/\/anwaltskanzlei-krummel.de\/cms\/?page_id=47"},"modified":"2022-11-03T19:53:46","modified_gmt":"2022-11-03T18:53:46","slug":"internationale-partner","status":"publish","type":"page","link":"https:\/\/anwaltskanzlei-krummel.de\/cms\/internationale-partner\/","title":{"rendered":"Kooperationspartner"},"content":{"rendered":"<p><a href=\"https:\/\/anwaltskanzlei-krummel.de\/cms\/wp-content\/uploads\/2016\/12\/handshake-blue.jpg\"><img loading=\"lazy\" decoding=\"async\" class=\"alignnone wp-image-200\" src=\"https:\/\/anwaltskanzlei-krummel.de\/cms\/wp-content\/uploads\/2016\/12\/handshake-blue.jpg\" alt=\"\" width=\"634\" height=\"338\" srcset=\"https:\/\/anwaltskanzlei-krummel.de\/cms\/wp-content\/uploads\/2016\/12\/handshake-blue.jpg 600w, https:\/\/anwaltskanzlei-krummel.de\/cms\/wp-content\/uploads\/2016\/12\/handshake-blue-300x160.jpg 300w\" sizes=\"auto, (max-width: 634px) 100vw, 634px\" \/><\/a><\/p>\n<p>Aufgrund langj\u00e4hriger Zusammenarbeit kooperiere ich &#8211; vorrangig auf den Gebieten des Straf- und Verkehrsrechts &#8211; mit<\/p>\n<ul>\n<li>Rechtsanw\u00e4ltin Franziska G\u00fcrlach, Fr\u00f6belweg 1, 04425 Taucha.<\/li>\n<\/ul>\n<p>Infolge der Globalisierung der wirtschaftlichen Beziehungen ist es ebenfalls notwendig, die Mandantschaft auch\u00a0bei der Geltendmachung grenz\u00fcberschreitender Rechtsanspr\u00fcche zu unterst\u00fctzen. So bestehen\u00a0Kooperationsbeziehungen zu einer Rechtsanwaltskanzlei in den USA. In Zusammenarbeit mit den dortigen \u00a0Rechtsanw\u00e4ltinnen und Rechtsanw\u00e4lten k\u00f6nnen Mandanten bei der Durchsetzung juristischer Anspr\u00fcche insbesondere auf den Gebieten des internationalen Schadenersatzrechts bei Flugzeug-, Schiffs-, Bahn- und Autounf\u00e4llen bzw. bei sonstigen Ungl\u00fccksf\u00e4llen (z. B. Seilbahnungl\u00fcck in Cavalese, Schiffsungl\u00fcck Costa Concordia) sowie Schadenersatzangelegenheiten im Verbraucherschutz-\u00a0und Arzneimittelrecht beraten und unterst\u00fctzt werden.<\/p>\n<ul>\n<li><a href=\"http:\/\/www.eaveslaw.com\/\" target=\"_blank\" rel=\"noopener\">Rechtsanw\u00e4lte und Notare John Arthur Eaves und Coll.<\/a>\u00a0&#8211; Jackson, Mississippi, Washington D.C. (USA)<\/li>\n<\/ul>","protected":false},"excerpt":{"rendered":"<p>Aufgrund langj\u00e4hriger Zusammenarbeit kooperiere ich &#8211; vorrangig auf den Gebieten des Straf- und Verkehrsrechts &#8211; mit Rechtsanw\u00e4ltin Franziska G\u00fcrlach, Fr\u00f6belweg 1, 04425 Taucha. Infolge der Globalisierung der wirtschaftlichen Beziehungen ist es ebenfalls notwendig, die Mandantschaft auch\u00a0bei der Geltendmachung grenz\u00fcberschreitender Rechtsanspr\u00fcche zu unterst\u00fctzen. So bestehen\u00a0Kooperationsbeziehungen zu einer Rechtsanwaltskanzlei in den USA. In Zusammenarbeit mit den dortigen [&hellip;]<\/p>\n","protected":false},"author":1,"featured_media":0,"parent":0,"menu_order":0,"comment_status":"closed","ping_status":"closed","template":"","meta":{"footnotes":""},"class_list":["post-47","page","type-page","status-publish","hentry"],"_links":{"self":[{"href":"https:\/\/anwaltskanzlei-krummel.de\/cms\/wp-json\/wp\/v2\/pages\/47","targetHints":{"allow":["GET"]}}],"collection":[{"href":"https:\/\/anwaltskanzlei-krummel.de\/cms\/wp-json\/wp\/v2\/pages"}],"about":[{"href":"https:\/\/anwaltskanzlei-krummel.de\/cms\/wp-json\/wp\/v2\/types\/page"}],"author":[{"embeddable":true,"href":"https:\/\/anwaltskanzlei-krummel.de\/cms\/wp-json\/wp\/v2\/users\/1"}],"replies":[{"embeddable":true,"href":"https:\/\/anwaltskanzlei-krummel.de\/cms\/wp-json\/wp\/v2\/comments?post=47"}],"version-history":[{"count":10,"href":"https:\/\/anwaltskanzlei-krummel.de\/cms\/wp-json\/wp\/v2\/pages\/47\/revisions"}],"predecessor-version":[{"id":717,"href":"https:\/\/anwaltskanzlei-krummel.de\/cms\/wp-json\/wp\/v2\/pages\/47\/revisions\/717"}],"wp:attachment":[{"href":"https:\/\/anwaltskanzlei-krummel.de\/cms\/wp-json\/wp\/v2\/media?parent=47"}],"curies":[{"name":"wp","href":"https:\/\/api.w.org\/{rel}","templated":true}]}}