{"id":41,"date":"2016-12-08T22:03:02","date_gmt":"2016-12-08T21:03:02","guid":{"rendered":"http:\/\/anwaltskanzlei-krummel.de\/cms\/?page_id=41"},"modified":"2018-04-23T13:31:20","modified_gmt":"2018-04-23T11:31:20","slug":"impressum","status":"publish","type":"page","link":"https:\/\/anwaltskanzlei-krummel.de\/cms\/impressum\/","title":{"rendered":"Impressum"},"content":{"rendered":"<p>&nbsp;<\/p>\n<table width=\"430\">\n<tbody>\n<tr>\n<td>\n<h2>Angaben gem\u00e4\u00df \u00a7 5 TMG:<\/h2>\n<p>Anwaltskanzlei\u00a0Krummel<br \/>\nRA\u00a0J\u00f6rg Krummel<br \/>\nBr\u00fchl 11<br \/>\n09217 Burgst\u00e4dt<\/p>\n<h2>Kontakt:<\/h2>\n<p>Telefon: 03724 &#8211; 2997<br \/>\nTelefax: 03724 &#8211; 15760<br \/>\nWeb: www.Anwaltskanzlei-Krummel.de<br \/>\nE-Mail: ra.krummel@t-online.de<\/p>\n<p>USt Identnummer: DE 278743943<\/p>\n<p>Hinweis: Kein Zugang f\u00fcr elektronisch signierte und elektronisch verschl\u00fcsselte Dokumente ! Es wird ausdr\u00fccklich darauf hingewiesen, dass unverschl\u00fcsselte Kommunikation via Email unsicher ist, so dass eine Haftung f\u00fcr \u00fcbermittelte Mitteilungen ausgeschlossen ist.<\/td>\n<\/tr>\n<tr>\n<td>\n<h2>Berufsbezeichnung und Zulassung:<\/h2>\n<p>Die gesetzliche Berufsbezeichnung lautet Rechtsanwalt und wurde von der Bundesrepublik Deutschland verliehen.<\/p>\n<p>Alle Rechtsanw\u00e4lte der Anwaltskanzlei Krummel sind Mitglieder der Rechtsanwaltskammer Sachsen, Glacisstra\u00dfe 6, 01099 Dresden.<br \/>\nTel. 0049-(0)351-318590 Fax: 0049-(0)351-3360899<br \/>\nE-Mail:<a href=\"mailto:%20info@rak-sachsen.de\" target=\"_blank\" rel=\"noopener\">info@rak-sachsen.de<\/a>, Internet:\u00a0<a href=\"http:\/\/www.rak-sachsen.de\/\" target=\"_blank\" rel=\"noopener\">http:\/\/www.rak-sachsen.de\/<\/a><\/p>\n<p>Bundesrechtsanwaltskammer:\u00a0<a href=\"http:\/\/www.brak.de\/\" target=\"_blank\" rel=\"noopener\">http:\/\/www.brak.de\/<\/a><\/p>\n<p>und zugelassen als Rechtsanw\u00e4lte in der Bundesrepublik Deutschland.<\/td>\n<\/tr>\n<tr>\n<td>\n<h2>Berufsrechtliche Regelungen:<\/h2>\n<p>&#8211;\u00a0<a href=\"http:\/\/www.brak.de\/seiten\/06.php\" target=\"_blank\" rel=\"noopener\">Bundesrechtsanwaltsordnung, BRAO<\/a><br \/>\n&#8211;\u00a0<a href=\"https:\/\/www.brak.de\/w\/files\/02_fuer_anwaelte\/berufsrecht\/bora-stand-01.07.15.pdf\" target=\"_blank\" rel=\"noopener\">Berufsordnung der Rechtsanw\u00e4lte, BORA<\/a>\u00a0(PDF-Dokument)<br \/>\n&#8211;\u00a0<a href=\"http:\/\/bundesrecht.juris.de\/bundesrecht\/rvg\/index.html\" target=\"_blank\" rel=\"noopener\">Rechtsanwaltsverg\u00fctungsgesetz (RVG)<\/a><br \/>\n&#8211;\u00a0<a href=\"https:\/\/www.brak.de\/w\/files\/02_fuer_anwaelte\/Berufsregeln_Mai%202006_090615.pdf\" target=\"_blank\" rel=\"noopener\">Berufsregeln der europ\u00e4ischen Rechtsanw\u00e4lte<\/a>\u00a0(PDF-Dokument)<\/p>\n<p>Weitere Informationen bietet auch die\u00a0<a href=\"http:\/\/www.brak.de\/\" target=\"_blank\" rel=\"noopener\">Bundesrechtsanwaltskammer<\/a>.<\/p>\n<h2>Angaben zur Berufshaftpflichtversicherung:<\/h2>\n<p>Name und Sitz des Versicherers:<br \/>\nDie Berufshaftpflichtversicherung besteht bei der Allianz Versicherungs AG in 10900 Berlin. Der r\u00e4umliche Geltungsbereich des Versicherungsschutzes umfasst T\u00e4tigkeiten in den Mitgliedsl\u00e4ndern der Europ\u00e4ischen Union und gen\u00fcgt so mindestens den Anforderungen der \u00a7 51 Bundesrechtsanwaltsordnung (BRAO), \u00a7 67 Steuerberatungsgesetz (STBerG), \u00a7\u00a7 51 ff. Verordnung zur Durchf\u00fchrung der \u00a0Vorschriften \u00fcber Steuerberater, Steuerbevollm\u00e4chtigte und Steuerberatungsgesellschaften (DVStB), \u00a7 54 Wirtschaftspr\u00fcfungsordnung (WPO) in Verbindung mit der Verordung \u00fcber die Berufshaftpflichtversicherung der Wirtschaftspr\u00fcfer und vereidigten Buchpr\u00fcfer (WPBHV).<\/p>\n<p>Geltungsraum der Versicherung: EU<\/p>\n<h2>Streitschlichtung:<\/h2>\n<p>Die Europ\u00e4ische Kommission stellt eine Plattform zur Online-Streitbeilegung (OS) bereit:\u00a0<a href=\"https:\/\/ec.europa.eu\/consumers\/odr\" target=\"_blank\" rel=\"noopener\">https:\/\/ec.europa.eu\/consumers\/odr<\/a>.<br \/>\nUnsere E-Mail-Adresse finden Sie oben im Impressum.<\/p>\n<p>Wir sind nicht bereit oder verpflichtet, an Streitbeilegungsverfahren vor einer Verbraucherschlichtungsstelle teilzunehmen.<\/td>\n<\/tr>\n<tr>\n<td>\n<h2>Medienpartner:<\/h2>\n<p>Weidm\u00fcller media &amp; services<\/td>\n<\/tr>\n<tr>\n<td>\n<h2>Bildnachweis Fotos:<\/h2>\n<p>pexels.com,\u00a0niroworld \/ andreypopov\u00a0123RF Lizenzfreie Bilder<\/td>\n<\/tr>\n<tr>\n<td><\/td>\n<\/tr>\n<tr>\n<td>\n<h2><strong>Haftungshinweise:<\/strong><\/h2>\n<h3>Haftung f\u00fcr Inhalte<\/h3>\n<p>Als Diensteanbieter sind wir gem\u00e4\u00df \u00a7 7 Abs.1 TMG f\u00fcr eigene Inhalte auf diesen Seiten nach den allgemeinen Gesetzen verantwortlich. Nach \u00a7\u00a7 8 bis 10 TMG sind wir als Diensteanbieter jedoch nicht verpflichtet, \u00fcbermittelte oder gespeicherte fremde Informationen zu \u00fcberwachen oder nach Umst\u00e4nden zu forschen, die auf eine rechtswidrige T\u00e4tigkeit hinweisen.<\/p>\n<p>Verpflichtungen zur Entfernung oder Sperrung der Nutzung von Informationen nach den allgemeinen Gesetzen bleiben hiervon unber\u00fchrt. Eine diesbez\u00fcgliche Haftung ist jedoch erst ab dem Zeitpunkt der Kenntnis einer konkreten Rechtsverletzung m\u00f6glich. Bei Bekanntwerden von entsprechenden Rechtsverletzungen werden wir diese Inhalte umgehend entfernen.<\/p>\n<h3>Haftung f\u00fcr Links<\/h3>\n<p>Unser Angebot enth\u00e4lt Links zu externen Websites Dritter, auf deren Inhalte wir keinen Einfluss haben. Deshalb k\u00f6nnen wir f\u00fcr diese fremden Inhalte auch keine Gew\u00e4hr \u00fcbernehmen. F\u00fcr die Inhalte der verlinkten Seiten ist stets der jeweilige Anbieter oder Betreiber der Seiten verantwortlich. Die verlinkten Seiten wurden zum Zeitpunkt der Verlinkung auf m\u00f6gliche Rechtsverst\u00f6\u00dfe \u00fcberpr\u00fcft. Rechtswidrige Inhalte waren zum Zeitpunkt der Verlinkung nicht erkennbar.<\/p>\n<p>Eine permanente inhaltliche Kontrolle der verlinkten Seiten ist jedoch ohne konkrete Anhaltspunkte einer Rechtsverletzung nicht zumutbar. Bei Bekanntwerden von Rechtsverletzungen werden wir derartige Links umgehend entfernen.<\/p>\n<h3>Urheberrecht<\/h3>\n<p>Die durch die Seitenbetreiber erstellten Inhalte und Werke auf diesen Seiten unterliegen dem deutschen Urheberrecht. Die Vervielf\u00e4ltigung, Bearbeitung, Verbreitung und jede Art der Verwertung au\u00dferhalb der Grenzen des Urheberrechtes bed\u00fcrfen der schriftlichen Zustimmung des jeweiligen Autors bzw. Erstellers. Downloads und Kopien dieser Seite sind nur f\u00fcr den privaten, nicht kommerziellen Gebrauch gestattet.<\/p>\n<p>Soweit die Inhalte auf dieser Seite nicht vom Betreiber erstellt wurden, werden die Urheberrechte Dritter beachtet. Insbesondere werden Inhalte Dritter als solche gekennzeichnet. Sollten Sie trotzdem auf eine Urheberrechtsverletzung aufmerksam werden, bitten wir um einen entsprechenden Hinweis. Bei Bekanntwerden von Rechtsverletzungen werden wir derartige Inhalte umgehend entfernen.<\/p>\n<h3>Weiteres:<\/h3>\n<p>Ein Mandatsverh\u00e4ltnis wird nicht durch E-Mail, Fax, Telefon oder die Nutzung dieser Webseite begr\u00fcndet, es sei denn, dies wurde im Einzelfall zugesagt und schriftlich durch die Anwaltskanzlei Krummel best\u00e4tigt. Bis zur schriftlichen Annahme eines Mandats besteht kein Anspruch auf Rechtsberatung. Per E-Mail erteilte Auftr\u00e4ge bed\u00fcrfen zu ihrer Wirksamkeit der ausdr\u00fccklichen schriftlichen Best\u00e4tigung der Anwaltskanzlei Krummel.<\/p>\n<p>&nbsp;<\/td>\n<\/tr>\n<tr>\n<td>\n<h1><strong>Site Notice<\/strong><\/h1>\n<h2>Information provided according to Sec. 5 German Telemedia Act (TMG):<\/h2>\n<p>Anwaltskanzlei\u00a0Krummel<br \/>\nRA\u00a0J\u00f6rg Krummel<br \/>\nBr\u00fchl 11<br \/>\nD-09217 Burgst\u00e4dt<\/p>\n<h2>Contact:<\/h2>\n<p>Telephone: +49 3724 &#8211; 2997<br \/>\nTelefax: +49 3724 &#8211; 15760<br \/>\nEmail: ra.krummel@t-online.de<\/p>\n<h2>Job title and professional regulations<\/h2>\n<p>Job title: Rechtsanwalt<br \/>\nResponsible board: Rechtsanwaltskammer Sachsen, Glacisstra\u00dfe 6, 01099 Dresden.<br \/>\nAuthorisation granted by: Bundesrepublik Deutschland<br \/>\nThe following professional regulations apply: Bundesrechtsanwaltsordnung, BRAO<br \/>\nRegulations accessible under:\u00a0<a href=\"http:\/\/www.brak.de\/seiten\/06.php\" target=\"_blank\" rel=\"noopener\">http:\/\/www.brak.de\/seiten\/06.php<\/a><\/p>\n<h2>Information concerning professional indemnity insurance:<\/h2>\n<p>Name and residence of insurer:<br \/>\nAllianz Versicherungs AG in 10900 Berlin.<\/p>\n<p>Scope of insurance: EU<\/p>\n<h2>Dispute resolution<\/h2>\n<p>The European Commission provides a platform for online dispute resolution (OS):\u00a0<a href=\"https:\/\/ec.europa.eu\/consumers\/odr\" target=\"_blank\" rel=\"noopener\">https:\/\/ec.europa.eu\/consumers\/odr<\/a>.<br \/>\nPlease find our email in the impressum\/legal notice.<\/p>\n<p>We do not take part in online dispute resolutions at consumer arbitration boards.<\/p>\n<h3>Liability for Contents<\/h3>\n<p>As service providers, we are liable for own contents of these websites according to Sec. 7, paragraph 1 German Telemedia Act (TMG). However, according to Sec. 8 to 10 German Telemedia Act (TMG), service providers are not obligated to permanently monitor submitted or stored information or to search for evidences that indicate illegal activities.<\/p>\n<p>Legal obligations to removing information or to blocking the use of information remain unchallenged. In this case, liability is only possible at the time of knowledge about a specific violation of law. Illegal contents will be removed immediately at the time we get knowledge of them.<\/p>\n<h3>Liability for Links<\/h3>\n<p>Our offer includes links to external third party websites. We have no influence on the contents of those websites, therefore we cannot guarantee for those contents. Providers or administrators of linked websites are always responsible for their own contents.<\/p>\n<p>The linked websites had been checked for possible violations of law at the time of the establishment of the link. Illegal contents were not detected at the time of the linking. A permanent monitoring of the contents of linked websites cannot be imposed without reasonable indications that there has been a violation of law. Illegal links will be removed immediately at the time we get knowledge of them.<\/p>\n<h3>Copyright<\/h3>\n<p>Contents and compilations published on these websites by the providers are subject to German copyright laws. Reproduction, editing, distribution as well as the use of any kind outside the scope of the copyright law require a written permission of the author or originator. Downloads and copies of these websites are permitted for private use only.<br \/>\nThe commercial use of our contents without permission of the originator is prohibited.<\/p>\n<p>Copyright laws of third parties are respected as long as the contents on these websites do not originate from the provider. Contributions of third parties on this site are indicated as such. However, if you notice any violations of copyright law, please inform us. Such contents will be removed immediately.<\/p>\n<p>&nbsp;<\/td>\n<\/tr>\n<\/tbody>\n<\/table>","protected":false},"excerpt":{"rendered":"<p>&nbsp; Angaben gem\u00e4\u00df \u00a7 5 TMG: Anwaltskanzlei\u00a0Krummel RA\u00a0J\u00f6rg Krummel Br\u00fchl 11 09217 Burgst\u00e4dt Kontakt: Telefon: 03724 &#8211; 2997 Telefax: 03724 &#8211; 15760 Web: www.Anwaltskanzlei-Krummel.de E-Mail: ra.krummel@t-online.de USt Identnummer: DE 278743943 Hinweis: Kein Zugang f\u00fcr elektronisch signierte und elektronisch verschl\u00fcsselte Dokumente ! Es wird ausdr\u00fccklich darauf hingewiesen, dass unverschl\u00fcsselte Kommunikation via Email unsicher ist, so dass [&hellip;]<\/p>\n","protected":false},"author":1,"featured_media":0,"parent":0,"menu_order":0,"comment_status":"closed","ping_status":"closed","template":"","meta":[],"_links":{"self":[{"href":"https:\/\/anwaltskanzlei-krummel.de\/cms\/wp-json\/wp\/v2\/pages\/41"}],"collection":[{"href":"https:\/\/anwaltskanzlei-krummel.de\/cms\/wp-json\/wp\/v2\/pages"}],"about":[{"href":"https:\/\/anwaltskanzlei-krummel.de\/cms\/wp-json\/wp\/v2\/types\/page"}],"author":[{"embeddable":true,"href":"https:\/\/anwaltskanzlei-krummel.de\/cms\/wp-json\/wp\/v2\/users\/1"}],"replies":[{"embeddable":true,"href":"https:\/\/anwaltskanzlei-krummel.de\/cms\/wp-json\/wp\/v2\/comments?post=41"}],"version-history":[{"count":9,"href":"https:\/\/anwaltskanzlei-krummel.de\/cms\/wp-json\/wp\/v2\/pages\/41\/revisions"}],"predecessor-version":[{"id":527,"href":"https:\/\/anwaltskanzlei-krummel.de\/cms\/wp-json\/wp\/v2\/pages\/41\/revisions\/527"}],"wp:attachment":[{"href":"https:\/\/anwaltskanzlei-krummel.de\/cms\/wp-json\/wp\/v2\/media?parent=41"}],"curies":[{"name":"wp","href":"https:\/\/api.w.org\/{rel}","templated":true}]}}